{"id":447,"date":"2019-04-19T14:58:01","date_gmt":"2019-04-19T14:58:01","guid":{"rendered":"http:\/\/allerlei.edelweiss-puettlingen.de\/?page_id=447"},"modified":"2019-04-19T14:58:43","modified_gmt":"2019-04-19T14:58:43","slug":"2018-2","status":"publish","type":"page","link":"http:\/\/allerlei.edelweiss-puettlingen.de\/?page_id=447","title":{"rendered":"2018"},"content":{"rendered":"\n<h2 class=\"wp-block-heading\">Festumzug<\/h2>\n\n\n\n<p>Gro\u00dfer Festumzug am 13. Mai 2018 anl\u00e4sslich der 50 Jahrfeier der Stadt P\u00fcttlingen<\/p>\n\n\n\n<ul class=\"wp-block-gallery columns-1 is-cropped wp-block-gallery-1 is-layout-flex wp-block-gallery-is-layout-flex\"><li class=\"blocks-gallery-item\"><figure><img loading=\"lazy\" decoding=\"async\" width=\"640\" height=\"427\" src=\"http:\/\/allerlei.edelweiss-puettlingen.de\/wp-content\/uploads\/2019\/04\/FZ0.jpg\" alt=\"\" data-id=\"448\" data-link=\"http:\/\/allerlei.edelweiss-puettlingen.de\/?attachment_id=448\" class=\"wp-image-448\" srcset=\"http:\/\/allerlei.edelweiss-puettlingen.de\/wp-content\/uploads\/2019\/04\/FZ0.jpg 640w, http:\/\/allerlei.edelweiss-puettlingen.de\/wp-content\/uploads\/2019\/04\/FZ0-300x200.jpg 300w\" sizes=\"auto, (max-width: 640px) 100vw, 640px\" \/><\/figure><\/li><li class=\"blocks-gallery-item\"><figure><img loading=\"lazy\" decoding=\"async\" width=\"640\" height=\"427\" src=\"http:\/\/allerlei.edelweiss-puettlingen.de\/wp-content\/uploads\/2019\/04\/FZ1.jpg\" alt=\"\" data-id=\"449\" data-link=\"http:\/\/allerlei.edelweiss-puettlingen.de\/?attachment_id=449\" class=\"wp-image-449\" srcset=\"http:\/\/allerlei.edelweiss-puettlingen.de\/wp-content\/uploads\/2019\/04\/FZ1.jpg 640w, http:\/\/allerlei.edelweiss-puettlingen.de\/wp-content\/uploads\/2019\/04\/FZ1-300x200.jpg 300w\" sizes=\"auto, (max-width: 640px) 100vw, 640px\" \/><\/figure><\/li><li class=\"blocks-gallery-item\"><figure><img loading=\"lazy\" decoding=\"async\" width=\"640\" height=\"427\" src=\"http:\/\/allerlei.edelweiss-puettlingen.de\/wp-content\/uploads\/2019\/04\/FZ2.jpg\" alt=\"\" data-id=\"450\" data-link=\"http:\/\/allerlei.edelweiss-puettlingen.de\/?attachment_id=450\" class=\"wp-image-450\" srcset=\"http:\/\/allerlei.edelweiss-puettlingen.de\/wp-content\/uploads\/2019\/04\/FZ2.jpg 640w, http:\/\/allerlei.edelweiss-puettlingen.de\/wp-content\/uploads\/2019\/04\/FZ2-300x200.jpg 300w\" sizes=\"auto, (max-width: 640px) 100vw, 640px\" \/><\/figure><\/li><li class=\"blocks-gallery-item\"><figure><img loading=\"lazy\" decoding=\"async\" width=\"1024\" height=\"683\" src=\"http:\/\/allerlei.edelweiss-puettlingen.de\/wp-content\/uploads\/2019\/04\/FZ4-1024x683.jpg\" alt=\"\" data-id=\"451\" data-link=\"http:\/\/allerlei.edelweiss-puettlingen.de\/?attachment_id=451\" class=\"wp-image-451\" srcset=\"http:\/\/allerlei.edelweiss-puettlingen.de\/wp-content\/uploads\/2019\/04\/FZ4-1024x683.jpg 1024w, http:\/\/allerlei.edelweiss-puettlingen.de\/wp-content\/uploads\/2019\/04\/FZ4-300x200.jpg 300w, http:\/\/allerlei.edelweiss-puettlingen.de\/wp-content\/uploads\/2019\/04\/FZ4-768x512.jpg 768w, http:\/\/allerlei.edelweiss-puettlingen.de\/wp-content\/uploads\/2019\/04\/FZ4.jpg 1200w\" sizes=\"auto, (max-width: 1024px) 100vw, 1024px\" \/><\/figure><\/li><li class=\"blocks-gallery-item\"><figure><img loading=\"lazy\" decoding=\"async\" width=\"1024\" height=\"683\" src=\"http:\/\/allerlei.edelweiss-puettlingen.de\/wp-content\/uploads\/2019\/04\/FZ5-1024x683.jpg\" alt=\"\" data-id=\"452\" data-link=\"http:\/\/allerlei.edelweiss-puettlingen.de\/?attachment_id=452\" class=\"wp-image-452\" srcset=\"http:\/\/allerlei.edelweiss-puettlingen.de\/wp-content\/uploads\/2019\/04\/FZ5-1024x683.jpg 1024w, http:\/\/allerlei.edelweiss-puettlingen.de\/wp-content\/uploads\/2019\/04\/FZ5-300x200.jpg 300w, http:\/\/allerlei.edelweiss-puettlingen.de\/wp-content\/uploads\/2019\/04\/FZ5-768x512.jpg 768w, http:\/\/allerlei.edelweiss-puettlingen.de\/wp-content\/uploads\/2019\/04\/FZ5.jpg 1200w\" sizes=\"auto, (max-width: 1024px) 100vw, 1024px\" \/><\/figure><\/li><li class=\"blocks-gallery-item\"><figure><img loading=\"lazy\" decoding=\"async\" width=\"1024\" height=\"683\" src=\"http:\/\/allerlei.edelweiss-puettlingen.de\/wp-content\/uploads\/2019\/04\/FZ6-1024x683.jpg\" alt=\"\" data-id=\"453\" data-link=\"http:\/\/allerlei.edelweiss-puettlingen.de\/?attachment_id=453\" class=\"wp-image-453\" srcset=\"http:\/\/allerlei.edelweiss-puettlingen.de\/wp-content\/uploads\/2019\/04\/FZ6-1024x683.jpg 1024w, http:\/\/allerlei.edelweiss-puettlingen.de\/wp-content\/uploads\/2019\/04\/FZ6-300x200.jpg 300w, http:\/\/allerlei.edelweiss-puettlingen.de\/wp-content\/uploads\/2019\/04\/FZ6-768x512.jpg 768w, http:\/\/allerlei.edelweiss-puettlingen.de\/wp-content\/uploads\/2019\/04\/FZ6.jpg 1200w\" sizes=\"auto, (max-width: 1024px) 100vw, 1024px\" \/><\/figure><\/li><li class=\"blocks-gallery-item\"><figure><img loading=\"lazy\" decoding=\"async\" width=\"768\" height=\"1024\" src=\"http:\/\/allerlei.edelweiss-puettlingen.de\/wp-content\/uploads\/2019\/04\/FZ7-768x1024.jpg\" alt=\"\" data-id=\"454\" data-link=\"http:\/\/allerlei.edelweiss-puettlingen.de\/?attachment_id=454\" class=\"wp-image-454\" srcset=\"http:\/\/allerlei.edelweiss-puettlingen.de\/wp-content\/uploads\/2019\/04\/FZ7-768x1024.jpg 768w, http:\/\/allerlei.edelweiss-puettlingen.de\/wp-content\/uploads\/2019\/04\/FZ7-225x300.jpg 225w, http:\/\/allerlei.edelweiss-puettlingen.de\/wp-content\/uploads\/2019\/04\/FZ7.jpg 900w\" sizes=\"auto, (max-width: 768px) 100vw, 768px\" \/><\/figure><\/li><li class=\"blocks-gallery-item\"><figure><img loading=\"lazy\" decoding=\"async\" width=\"1024\" height=\"768\" src=\"http:\/\/allerlei.edelweiss-puettlingen.de\/wp-content\/uploads\/2019\/04\/FZ8-1024x768.jpg\" alt=\"\" data-id=\"455\" data-link=\"http:\/\/allerlei.edelweiss-puettlingen.de\/?attachment_id=455\" class=\"wp-image-455\" srcset=\"http:\/\/allerlei.edelweiss-puettlingen.de\/wp-content\/uploads\/2019\/04\/FZ8-1024x768.jpg 1024w, http:\/\/allerlei.edelweiss-puettlingen.de\/wp-content\/uploads\/2019\/04\/FZ8-300x225.jpg 300w, http:\/\/allerlei.edelweiss-puettlingen.de\/wp-content\/uploads\/2019\/04\/FZ8-768x576.jpg 768w, http:\/\/allerlei.edelweiss-puettlingen.de\/wp-content\/uploads\/2019\/04\/FZ8.jpg 1200w\" sizes=\"auto, (max-width: 1024px) 100vw, 1024px\" \/><\/figure><\/li><\/ul>\n\n\n\n<div class=\"wp-block-image\"><figure class=\"aligncenter is-resized\"><a href=\"http:\/\/allerlei.edelweiss-puettlingen.de\/\"><img loading=\"lazy\" decoding=\"async\" src=\"http:\/\/allerlei.edelweiss-puettlingen.de\/wp-content\/uploads\/2019\/04\/back.jpg\" alt=\"\" class=\"wp-image-121\" width=\"100\" height=\"100\"\/><\/a><\/figure><\/div>\n","protected":false},"excerpt":{"rendered":"<p>Festumzug Gro\u00dfer Festumzug am 13. Mai 2018 anl\u00e4sslich der 50 Jahrfeier der Stadt P\u00fcttlingen<\/p>\n","protected":false},"author":1,"featured_media":0,"parent":0,"menu_order":7,"comment_status":"closed","ping_status":"closed","template":"template-centered.php","meta":{"footnotes":""},"class_list":["post-447","page","type-page","status-publish","hentry"],"_links":{"self":[{"href":"http:\/\/allerlei.edelweiss-puettlingen.de\/index.php?rest_route=\/wp\/v2\/pages\/447","targetHints":{"allow":["GET"]}}],"collection":[{"href":"http:\/\/allerlei.edelweiss-puettlingen.de\/index.php?rest_route=\/wp\/v2\/pages"}],"about":[{"href":"http:\/\/allerlei.edelweiss-puettlingen.de\/index.php?rest_route=\/wp\/v2\/types\/page"}],"author":[{"embeddable":true,"href":"http:\/\/allerlei.edelweiss-puettlingen.de\/index.php?rest_route=\/wp\/v2\/users\/1"}],"replies":[{"embeddable":true,"href":"http:\/\/allerlei.edelweiss-puettlingen.de\/index.php?rest_route=%2Fwp%2Fv2%2Fcomments&post=447"}],"version-history":[{"count":1,"href":"http:\/\/allerlei.edelweiss-puettlingen.de\/index.php?rest_route=\/wp\/v2\/pages\/447\/revisions"}],"predecessor-version":[{"id":456,"href":"http:\/\/allerlei.edelweiss-puettlingen.de\/index.php?rest_route=\/wp\/v2\/pages\/447\/revisions\/456"}],"wp:attachment":[{"href":"http:\/\/allerlei.edelweiss-puettlingen.de\/index.php?rest_route=%2Fwp%2Fv2%2Fmedia&parent=447"}],"curies":[{"name":"wp","href":"https:\/\/api.w.org\/{rel}","templated":true}]}}